{"id":36299,"date":"2026-04-04T12:47:22","date_gmt":"2026-04-04T10:47:22","guid":{"rendered":"https:\/\/winstage.at\/?post_type=product&#038;p=36299"},"modified":"2026-04-04T12:47:23","modified_gmt":"2026-04-04T10:47:23","slug":"florale-stille","status":"publish","type":"product","link":"https:\/\/winstage.at\/en\/event\/florale-stille\/","title":{"rendered":"Florale Stille"},"content":{"rendered":"<p>Mit \u201eFlorale Stille\u201c zieht ein Werk ein, das Anmut, Tiefe und zeitlose \u00c4sthetik auf besondere Weise vereint. Die fein inszenierte Frauenfigur erscheint wie eine Erinnerung zwischen Licht, Schatten und Bl\u00fcten \u2013 geheimnisvoll, elegant und von stiller Pr\u00e4senz. Die Verbindung aus weichen floralen Formen, dunkler Bildsprache und subtilen Strukturen verleiht dem Kunstwerk eine luxuri\u00f6se, fast poetische Wirkung. Es spricht Liebhaber moderner digitaler Kunst ebenso an wie Sammler atmosph\u00e4rischer Portraits mit emotionaler Ausdruckskraft. Erh\u00e4ltlich als hochwertiger DIN-A3-Druck (29,7 x 42 cm) ist dieses Werk eine stilvolle Wahl f\u00fcr alle, die au\u00dfergew\u00f6hnliche Kunst mit Charakter suchen.<\/p>\n","protected":false},"excerpt":{"rendered":"<p>Mit \u201eFlorale Stille\u201c zieht ein Werk ein, das Anmut, Tiefe und zeitlose \u00c4sthetik auf besondere&#8230;<\/p>\n","protected":false},"author":159,"featured_media":36297,"template":"","meta":{"_acf_changed":false,"iawp_total_views":0},"besichtigung":[1058],"filter_size":[],"filter_style":[1313],"filter_technique":[1092],"kunstler":[1187],"product_brand":[],"product_cat":[1062],"product_tag":[],"class_list":{"0":"post-36299","1":"product","2":"type-product","3":"status-publish","4":"has-post-thumbnail","6":"besichtigung-nur-online","7":"filter_style-digital-art","8":"filter_technique-print","9":"kunstler-alexandra-pasing","10":"product_cat-starter","12":"first","13":"instock","14":"shipping-taxable","15":"purchasable","16":"product-type-simple"},"acf":[],"_links":{"self":[{"href":"https:\/\/winstage.at\/en\/wp-json\/wp\/v2\/product\/36299","targetHints":{"allow":["GET"]}}],"collection":[{"href":"https:\/\/winstage.at\/en\/wp-json\/wp\/v2\/product"}],"about":[{"href":"https:\/\/winstage.at\/en\/wp-json\/wp\/v2\/types\/product"}],"author":[{"embeddable":true,"href":"https:\/\/winstage.at\/en\/wp-json\/wp\/v2\/users\/159"}],"wp:featuredmedia":[{"embeddable":true,"href":"https:\/\/winstage.at\/en\/wp-json\/wp\/v2\/media\/36297"}],"wp:attachment":[{"href":"https:\/\/winstage.at\/en\/wp-json\/wp\/v2\/media?parent=36299"}],"wp:term":[{"taxonomy":"besichtigung","embeddable":true,"href":"https:\/\/winstage.at\/en\/wp-json\/wp\/v2\/besichtigung?post=36299"},{"taxonomy":"filter_size","embeddable":true,"href":"https:\/\/winstage.at\/en\/wp-json\/wp\/v2\/filter_size?post=36299"},{"taxonomy":"filter_style","embeddable":true,"href":"https:\/\/winstage.at\/en\/wp-json\/wp\/v2\/filter_style?post=36299"},{"taxonomy":"filter_technique","embeddable":true,"href":"https:\/\/winstage.at\/en\/wp-json\/wp\/v2\/filter_technique?post=36299"},{"taxonomy":"kunstler","embeddable":true,"href":"https:\/\/winstage.at\/en\/wp-json\/wp\/v2\/kunstler?post=36299"},{"taxonomy":"product_brand","embeddable":true,"href":"https:\/\/winstage.at\/en\/wp-json\/wp\/v2\/product_brand?post=36299"},{"taxonomy":"product_cat","embeddable":true,"href":"https:\/\/winstage.at\/en\/wp-json\/wp\/v2\/product_cat?post=36299"},{"taxonomy":"product_tag","embeddable":true,"href":"https:\/\/winstage.at\/en\/wp-json\/wp\/v2\/product_tag?post=36299"}],"curies":[{"name":"wp","href":"https:\/\/api.w.org\/{rel}","templated":true}]}}