{"id":36305,"date":"2026-04-04T12:46:43","date_gmt":"2026-04-04T10:46:43","guid":{"rendered":"https:\/\/winstage.at\/?post_type=product&#038;p=36305"},"modified":"2026-04-04T12:47:07","modified_gmt":"2026-04-04T10:47:07","slug":"tukan","status":"publish","type":"product","link":"https:\/\/winstage.at\/en\/event\/tukan\/","title":{"rendered":"Tukan"},"content":{"rendered":"<p>Das Gem\u00e4lde zeigt einen farbenpr\u00e4chtigen Tukan inmitten dichten tropischen Dschungels. Sein gro\u00dfer, mehrfarbiger Schnabel hebt sich deutlich vom satten Gr\u00fcn ab. Die Atmosph\u00e4re des Werkes vermittelt die exotische Sch\u00f6nheit der Tierwelt.<\/p>\n","protected":false},"excerpt":{"rendered":"<p>Das Gem\u00e4lde zeigt einen farbenpr\u00e4chtigen Tukan inmitten dichten tropischen Dschungels. Sein gro\u00dfer, mehrfarbiger Schnabel hebt&#8230;<\/p>\n","protected":false},"author":230,"featured_media":36303,"template":"","meta":{"_acf_changed":false,"iawp_total_views":0},"besichtigung":[1058],"filter_size":[],"filter_style":[1059],"filter_technique":[1090],"kunstler":[1422],"product_brand":[],"product_cat":[1062],"product_tag":[],"class_list":{"0":"post-36305","1":"product","2":"type-product","3":"status-publish","4":"has-post-thumbnail","6":"besichtigung-nur-online","7":"filter_style-paintings","8":"filter_technique-oil-on-canvas","9":"kunstler-oleksandr-ochkal-en","10":"product_cat-starter","12":"first","13":"instock","14":"shipping-taxable","15":"purchasable","16":"product-type-simple"},"acf":[],"_links":{"self":[{"href":"https:\/\/winstage.at\/en\/wp-json\/wp\/v2\/product\/36305","targetHints":{"allow":["GET"]}}],"collection":[{"href":"https:\/\/winstage.at\/en\/wp-json\/wp\/v2\/product"}],"about":[{"href":"https:\/\/winstage.at\/en\/wp-json\/wp\/v2\/types\/product"}],"author":[{"embeddable":true,"href":"https:\/\/winstage.at\/en\/wp-json\/wp\/v2\/users\/230"}],"wp:featuredmedia":[{"embeddable":true,"href":"https:\/\/winstage.at\/en\/wp-json\/wp\/v2\/media\/36303"}],"wp:attachment":[{"href":"https:\/\/winstage.at\/en\/wp-json\/wp\/v2\/media?parent=36305"}],"wp:term":[{"taxonomy":"besichtigung","embeddable":true,"href":"https:\/\/winstage.at\/en\/wp-json\/wp\/v2\/besichtigung?post=36305"},{"taxonomy":"filter_size","embeddable":true,"href":"https:\/\/winstage.at\/en\/wp-json\/wp\/v2\/filter_size?post=36305"},{"taxonomy":"filter_style","embeddable":true,"href":"https:\/\/winstage.at\/en\/wp-json\/wp\/v2\/filter_style?post=36305"},{"taxonomy":"filter_technique","embeddable":true,"href":"https:\/\/winstage.at\/en\/wp-json\/wp\/v2\/filter_technique?post=36305"},{"taxonomy":"kunstler","embeddable":true,"href":"https:\/\/winstage.at\/en\/wp-json\/wp\/v2\/kunstler?post=36305"},{"taxonomy":"product_brand","embeddable":true,"href":"https:\/\/winstage.at\/en\/wp-json\/wp\/v2\/product_brand?post=36305"},{"taxonomy":"product_cat","embeddable":true,"href":"https:\/\/winstage.at\/en\/wp-json\/wp\/v2\/product_cat?post=36305"},{"taxonomy":"product_tag","embeddable":true,"href":"https:\/\/winstage.at\/en\/wp-json\/wp\/v2\/product_tag?post=36305"}],"curies":[{"name":"wp","href":"https:\/\/api.w.org\/{rel}","templated":true}]}}