{"id":36324,"date":"2026-04-07T17:00:46","date_gmt":"2026-04-07T15:00:46","guid":{"rendered":"https:\/\/winstage.at\/?post_type=product&#038;p=36324"},"modified":"2026-04-07T17:00:48","modified_gmt":"2026-04-07T15:00:48","slug":"alter-knopfkoenig","status":"publish","type":"product","link":"https:\/\/winstage.at\/en\/event\/alter-knopfkoenig\/","title":{"rendered":"Alter Knopfk\u00f6nig"},"content":{"rendered":"<p>Der &#8220;Alte Knopfk\u00f6nig&#8221; blieb in seiner urspr\u00fcnglichen Fassade erhalten, obwohl daraus ein Schokoladegesch\u00e4ft wurde. Im Inneren blieben die Knopfregale bestehen. Auf besonderen Wunsch konnte man au\u00dfer Schokolade auch noch Kn\u00f6pfe kaufen. Inzwischen ist die Weiterf\u00fchrung des Gesch\u00e4ftes ungewiss.<\/p>\n","protected":false},"excerpt":{"rendered":"<p>Der &#8220;Alte Knopfk\u00f6nig&#8221; blieb in seiner urspr\u00fcnglichen Fassade erhalten, obwohl daraus ein Schokoladegesch\u00e4ft wurde. Im&#8230;<\/p>\n","protected":false},"author":248,"featured_media":36322,"template":"","meta":{"_acf_changed":false,"iawp_total_views":0},"besichtigung":[1058],"filter_size":[],"filter_style":[1059],"filter_technique":[1075],"kunstler":[1534],"product_brand":[],"product_cat":[1130],"product_tag":[],"class_list":{"0":"post-36324","1":"product","2":"type-product","3":"status-publish","4":"has-post-thumbnail","6":"besichtigung-nur-online","7":"filter_style-paintings","8":"filter_technique-watercolor-on-paper","9":"kunstler-adelheid-schwarz-en","10":"product_cat-pro","12":"first","13":"instock","14":"shipping-taxable","15":"purchasable","16":"product-type-simple"},"acf":[],"_links":{"self":[{"href":"https:\/\/winstage.at\/en\/wp-json\/wp\/v2\/product\/36324","targetHints":{"allow":["GET"]}}],"collection":[{"href":"https:\/\/winstage.at\/en\/wp-json\/wp\/v2\/product"}],"about":[{"href":"https:\/\/winstage.at\/en\/wp-json\/wp\/v2\/types\/product"}],"author":[{"embeddable":true,"href":"https:\/\/winstage.at\/en\/wp-json\/wp\/v2\/users\/248"}],"wp:featuredmedia":[{"embeddable":true,"href":"https:\/\/winstage.at\/en\/wp-json\/wp\/v2\/media\/36322"}],"wp:attachment":[{"href":"https:\/\/winstage.at\/en\/wp-json\/wp\/v2\/media?parent=36324"}],"wp:term":[{"taxonomy":"besichtigung","embeddable":true,"href":"https:\/\/winstage.at\/en\/wp-json\/wp\/v2\/besichtigung?post=36324"},{"taxonomy":"filter_size","embeddable":true,"href":"https:\/\/winstage.at\/en\/wp-json\/wp\/v2\/filter_size?post=36324"},{"taxonomy":"filter_style","embeddable":true,"href":"https:\/\/winstage.at\/en\/wp-json\/wp\/v2\/filter_style?post=36324"},{"taxonomy":"filter_technique","embeddable":true,"href":"https:\/\/winstage.at\/en\/wp-json\/wp\/v2\/filter_technique?post=36324"},{"taxonomy":"kunstler","embeddable":true,"href":"https:\/\/winstage.at\/en\/wp-json\/wp\/v2\/kunstler?post=36324"},{"taxonomy":"product_brand","embeddable":true,"href":"https:\/\/winstage.at\/en\/wp-json\/wp\/v2\/product_brand?post=36324"},{"taxonomy":"product_cat","embeddable":true,"href":"https:\/\/winstage.at\/en\/wp-json\/wp\/v2\/product_cat?post=36324"},{"taxonomy":"product_tag","embeddable":true,"href":"https:\/\/winstage.at\/en\/wp-json\/wp\/v2\/product_tag?post=36324"}],"curies":[{"name":"wp","href":"https:\/\/api.w.org\/{rel}","templated":true}]}}