{"id":36332,"date":"2026-04-07T17:01:50","date_gmt":"2026-04-07T15:01:50","guid":{"rendered":"https:\/\/winstage.at\/?post_type=product&#038;p=36332"},"modified":"2026-04-07T17:02:48","modified_gmt":"2026-04-07T15:02:48","slug":"die-rosenkugel","status":"publish","type":"product","link":"https:\/\/winstage.at\/en\/event\/die-rosenkugel\/","title":{"rendered":"Die Rosenkugel"},"content":{"rendered":"<p>In aufw\u00e4ndiger Technik, in der jeder einzelne Punkt mit Tusche gesetzt wird, entstand dieses Bild. Die Rose als Symbol l\u00e4sst viele Interpretationen zu. Der Betrachter h\u00e4lt sie behutsam in seinen H\u00e4nden.<\/p>\n","protected":false},"excerpt":{"rendered":"<p>In aufw\u00e4ndiger Technik, in der jeder einzelne Punkt mit Tusche gesetzt wird, entstand dieses Bild&#8230;.<\/p>\n","protected":false},"author":248,"featured_media":36330,"template":"","meta":{"_acf_changed":false,"iawp_total_views":0},"besichtigung":[1058],"filter_size":[],"filter_style":[1059],"filter_technique":[1096],"kunstler":[1534],"product_brand":[],"product_cat":[1130],"product_tag":[],"class_list":{"0":"post-36332","1":"product","2":"type-product","3":"status-publish","4":"has-post-thumbnail","6":"besichtigung-nur-online","7":"filter_style-paintings","8":"filter_technique-drawing","9":"kunstler-adelheid-schwarz-en","10":"product_cat-pro","12":"first","13":"instock","14":"shipping-taxable","15":"purchasable","16":"product-type-simple"},"acf":[],"_links":{"self":[{"href":"https:\/\/winstage.at\/en\/wp-json\/wp\/v2\/product\/36332","targetHints":{"allow":["GET"]}}],"collection":[{"href":"https:\/\/winstage.at\/en\/wp-json\/wp\/v2\/product"}],"about":[{"href":"https:\/\/winstage.at\/en\/wp-json\/wp\/v2\/types\/product"}],"author":[{"embeddable":true,"href":"https:\/\/winstage.at\/en\/wp-json\/wp\/v2\/users\/248"}],"wp:featuredmedia":[{"embeddable":true,"href":"https:\/\/winstage.at\/en\/wp-json\/wp\/v2\/media\/36330"}],"wp:attachment":[{"href":"https:\/\/winstage.at\/en\/wp-json\/wp\/v2\/media?parent=36332"}],"wp:term":[{"taxonomy":"besichtigung","embeddable":true,"href":"https:\/\/winstage.at\/en\/wp-json\/wp\/v2\/besichtigung?post=36332"},{"taxonomy":"filter_size","embeddable":true,"href":"https:\/\/winstage.at\/en\/wp-json\/wp\/v2\/filter_size?post=36332"},{"taxonomy":"filter_style","embeddable":true,"href":"https:\/\/winstage.at\/en\/wp-json\/wp\/v2\/filter_style?post=36332"},{"taxonomy":"filter_technique","embeddable":true,"href":"https:\/\/winstage.at\/en\/wp-json\/wp\/v2\/filter_technique?post=36332"},{"taxonomy":"kunstler","embeddable":true,"href":"https:\/\/winstage.at\/en\/wp-json\/wp\/v2\/kunstler?post=36332"},{"taxonomy":"product_brand","embeddable":true,"href":"https:\/\/winstage.at\/en\/wp-json\/wp\/v2\/product_brand?post=36332"},{"taxonomy":"product_cat","embeddable":true,"href":"https:\/\/winstage.at\/en\/wp-json\/wp\/v2\/product_cat?post=36332"},{"taxonomy":"product_tag","embeddable":true,"href":"https:\/\/winstage.at\/en\/wp-json\/wp\/v2\/product_tag?post=36332"}],"curies":[{"name":"wp","href":"https:\/\/api.w.org\/{rel}","templated":true}]}}