{"id":36637,"date":"2026-04-14T19:17:24","date_gmt":"2026-04-14T17:17:24","guid":{"rendered":"https:\/\/winstage.at\/?post_type=product&#038;p=36637"},"modified":"2026-04-14T19:19:45","modified_gmt":"2026-04-14T17:19:45","slug":"fragmented-icon-james","status":"publish","type":"product","link":"https:\/\/winstage.at\/en\/event\/fragmented-icon-james\/","title":{"rendered":"Fragmented Icon &#8211; James"},"content":{"rendered":"<p>Original Acrylpainting auf Leinwand. Das Werk verbindet kr\u00e4ftige Farbl\u00e4chen mit einem ralistischen Schwarz-Wei\u00df Portrait von James Dean. Die geometrische Fragmentierung symbolisiert die Vielschichtigkeit und Zerbrechlichkeit ikonischer Pers\u00f6nlichkeiten.<\/p>\n","protected":false},"excerpt":{"rendered":"<p>Original Acrylpainting auf Leinwand. Das Werk verbindet kr\u00e4ftige Farbl\u00e4chen mit einem ralistischen Schwarz-Wei\u00df Portrait von&#8230;<\/p>\n","protected":false},"author":255,"featured_media":36621,"template":"","meta":{"_acf_changed":false,"iawp_total_views":0},"besichtigung":[1058],"filter_size":[],"filter_style":[1059],"filter_technique":[1060],"kunstler":[1548],"product_brand":[],"product_cat":[1062],"product_tag":[],"class_list":{"0":"post-36637","1":"product","2":"type-product","3":"status-publish","4":"has-post-thumbnail","6":"besichtigung-nur-online","7":"filter_style-paintings","8":"filter_technique-acryl","9":"kunstler-gabriela-hajek-renner-en","10":"product_cat-starter","12":"first","13":"instock","14":"shipping-taxable","15":"purchasable","16":"product-type-simple"},"acf":[],"_links":{"self":[{"href":"https:\/\/winstage.at\/en\/wp-json\/wp\/v2\/product\/36637","targetHints":{"allow":["GET"]}}],"collection":[{"href":"https:\/\/winstage.at\/en\/wp-json\/wp\/v2\/product"}],"about":[{"href":"https:\/\/winstage.at\/en\/wp-json\/wp\/v2\/types\/product"}],"author":[{"embeddable":true,"href":"https:\/\/winstage.at\/en\/wp-json\/wp\/v2\/users\/255"}],"wp:featuredmedia":[{"embeddable":true,"href":"https:\/\/winstage.at\/en\/wp-json\/wp\/v2\/media\/36621"}],"wp:attachment":[{"href":"https:\/\/winstage.at\/en\/wp-json\/wp\/v2\/media?parent=36637"}],"wp:term":[{"taxonomy":"besichtigung","embeddable":true,"href":"https:\/\/winstage.at\/en\/wp-json\/wp\/v2\/besichtigung?post=36637"},{"taxonomy":"filter_size","embeddable":true,"href":"https:\/\/winstage.at\/en\/wp-json\/wp\/v2\/filter_size?post=36637"},{"taxonomy":"filter_style","embeddable":true,"href":"https:\/\/winstage.at\/en\/wp-json\/wp\/v2\/filter_style?post=36637"},{"taxonomy":"filter_technique","embeddable":true,"href":"https:\/\/winstage.at\/en\/wp-json\/wp\/v2\/filter_technique?post=36637"},{"taxonomy":"kunstler","embeddable":true,"href":"https:\/\/winstage.at\/en\/wp-json\/wp\/v2\/kunstler?post=36637"},{"taxonomy":"product_brand","embeddable":true,"href":"https:\/\/winstage.at\/en\/wp-json\/wp\/v2\/product_brand?post=36637"},{"taxonomy":"product_cat","embeddable":true,"href":"https:\/\/winstage.at\/en\/wp-json\/wp\/v2\/product_cat?post=36637"},{"taxonomy":"product_tag","embeddable":true,"href":"https:\/\/winstage.at\/en\/wp-json\/wp\/v2\/product_tag?post=36637"}],"curies":[{"name":"wp","href":"https:\/\/api.w.org\/{rel}","templated":true}]}}