{"id":36639,"date":"2026-04-14T19:17:43","date_gmt":"2026-04-14T17:17:43","guid":{"rendered":"https:\/\/winstage.at\/?post_type=product&#038;p=36639"},"modified":"2026-04-14T19:19:40","modified_gmt":"2026-04-14T17:19:40","slug":"fragmented-icon-elvis","status":"publish","type":"product","link":"https:\/\/winstage.at\/en\/event\/fragmented-icon-elvis\/","title":{"rendered":"Fragmented Icon &#8211; Elvis"},"content":{"rendered":"<p>Fragmented Icon ist ein Original Acrylgem\u00e4lde auf Leinwand, das abstrakte Farbbl\u00f6cke mit einem kontrastreichen Schwaz-wei\u00df Portrait kombiniert. Ein modernes, ausdrucksstarkes Kunstwerk f\u00fcr Wohnr\u00e4ume und B\u00fcros.<\/p>\n","protected":false},"excerpt":{"rendered":"<p>Fragmented Icon ist ein Original Acrylgem\u00e4lde auf Leinwand, das abstrakte Farbbl\u00f6cke mit einem kontrastreichen Schwaz-wei\u00df&#8230;<\/p>\n","protected":false},"author":255,"featured_media":36619,"template":"","meta":{"_acf_changed":false,"iawp_total_views":0},"besichtigung":[1058],"filter_size":[],"filter_style":[1059],"filter_technique":[1060],"kunstler":[1548],"product_brand":[],"product_cat":[1062],"product_tag":[],"class_list":{"0":"post-36639","1":"product","2":"type-product","3":"status-publish","4":"has-post-thumbnail","6":"besichtigung-nur-online","7":"filter_style-paintings","8":"filter_technique-acryl","9":"kunstler-gabriela-hajek-renner-en","10":"product_cat-starter","12":"first","13":"instock","14":"shipping-taxable","15":"purchasable","16":"product-type-simple"},"acf":[],"_links":{"self":[{"href":"https:\/\/winstage.at\/en\/wp-json\/wp\/v2\/product\/36639","targetHints":{"allow":["GET"]}}],"collection":[{"href":"https:\/\/winstage.at\/en\/wp-json\/wp\/v2\/product"}],"about":[{"href":"https:\/\/winstage.at\/en\/wp-json\/wp\/v2\/types\/product"}],"author":[{"embeddable":true,"href":"https:\/\/winstage.at\/en\/wp-json\/wp\/v2\/users\/255"}],"wp:featuredmedia":[{"embeddable":true,"href":"https:\/\/winstage.at\/en\/wp-json\/wp\/v2\/media\/36619"}],"wp:attachment":[{"href":"https:\/\/winstage.at\/en\/wp-json\/wp\/v2\/media?parent=36639"}],"wp:term":[{"taxonomy":"besichtigung","embeddable":true,"href":"https:\/\/winstage.at\/en\/wp-json\/wp\/v2\/besichtigung?post=36639"},{"taxonomy":"filter_size","embeddable":true,"href":"https:\/\/winstage.at\/en\/wp-json\/wp\/v2\/filter_size?post=36639"},{"taxonomy":"filter_style","embeddable":true,"href":"https:\/\/winstage.at\/en\/wp-json\/wp\/v2\/filter_style?post=36639"},{"taxonomy":"filter_technique","embeddable":true,"href":"https:\/\/winstage.at\/en\/wp-json\/wp\/v2\/filter_technique?post=36639"},{"taxonomy":"kunstler","embeddable":true,"href":"https:\/\/winstage.at\/en\/wp-json\/wp\/v2\/kunstler?post=36639"},{"taxonomy":"product_brand","embeddable":true,"href":"https:\/\/winstage.at\/en\/wp-json\/wp\/v2\/product_brand?post=36639"},{"taxonomy":"product_cat","embeddable":true,"href":"https:\/\/winstage.at\/en\/wp-json\/wp\/v2\/product_cat?post=36639"},{"taxonomy":"product_tag","embeddable":true,"href":"https:\/\/winstage.at\/en\/wp-json\/wp\/v2\/product_tag?post=36639"}],"curies":[{"name":"wp","href":"https:\/\/api.w.org\/{rel}","templated":true}]}}