{"id":36641,"date":"2026-04-14T19:19:37","date_gmt":"2026-04-14T17:19:37","guid":{"rendered":"https:\/\/winstage.at\/?post_type=product&#038;p=36641"},"modified":"2026-04-14T19:19:39","modified_gmt":"2026-04-14T17:19:39","slug":"gegen-den-strom","status":"publish","type":"product","link":"https:\/\/winstage.at\/en\/event\/gegen-den-strom\/","title":{"rendered":"Gegen den Strom"},"content":{"rendered":"<p>Dieses Gem\u00e4lde aus der Serie &#8220;Wir sind Meer&#8221; vereint Mensch und Natur auf eindrucksvolle Weise. Ein Schwarm leuchtend-blauer Sardinen zieht \u00fcber die Silhouette eines m\u00e4nnlichen K\u00f6rpers und erschafft so eine geheimnisvolle Symbiose zwischen Meer und Mensch. Gemalt mit Acryl und \u00d6l auf Leinwand. Inklusive Rahmen.<\/p>\n","protected":false},"excerpt":{"rendered":"<p>Dieses Gem\u00e4lde aus der Serie &#8220;Wir sind Meer&#8221; vereint Mensch und Natur auf eindrucksvolle Weise&#8230;.<\/p>\n","protected":false},"author":255,"featured_media":36625,"template":"","meta":{"_acf_changed":false,"iawp_total_views":0},"besichtigung":[1058],"filter_size":[],"filter_style":[1059],"filter_technique":[1086],"kunstler":[1548],"product_brand":[],"product_cat":[1062],"product_tag":[],"class_list":{"0":"post-36641","1":"product","2":"type-product","3":"status-publish","4":"has-post-thumbnail","6":"besichtigung-nur-online","7":"filter_style-paintings","8":"filter_technique-mixed-media","9":"kunstler-gabriela-hajek-renner-en","10":"product_cat-starter","12":"first","13":"instock","14":"shipping-taxable","15":"purchasable","16":"product-type-simple"},"acf":[],"_links":{"self":[{"href":"https:\/\/winstage.at\/en\/wp-json\/wp\/v2\/product\/36641","targetHints":{"allow":["GET"]}}],"collection":[{"href":"https:\/\/winstage.at\/en\/wp-json\/wp\/v2\/product"}],"about":[{"href":"https:\/\/winstage.at\/en\/wp-json\/wp\/v2\/types\/product"}],"author":[{"embeddable":true,"href":"https:\/\/winstage.at\/en\/wp-json\/wp\/v2\/users\/255"}],"wp:featuredmedia":[{"embeddable":true,"href":"https:\/\/winstage.at\/en\/wp-json\/wp\/v2\/media\/36625"}],"wp:attachment":[{"href":"https:\/\/winstage.at\/en\/wp-json\/wp\/v2\/media?parent=36641"}],"wp:term":[{"taxonomy":"besichtigung","embeddable":true,"href":"https:\/\/winstage.at\/en\/wp-json\/wp\/v2\/besichtigung?post=36641"},{"taxonomy":"filter_size","embeddable":true,"href":"https:\/\/winstage.at\/en\/wp-json\/wp\/v2\/filter_size?post=36641"},{"taxonomy":"filter_style","embeddable":true,"href":"https:\/\/winstage.at\/en\/wp-json\/wp\/v2\/filter_style?post=36641"},{"taxonomy":"filter_technique","embeddable":true,"href":"https:\/\/winstage.at\/en\/wp-json\/wp\/v2\/filter_technique?post=36641"},{"taxonomy":"kunstler","embeddable":true,"href":"https:\/\/winstage.at\/en\/wp-json\/wp\/v2\/kunstler?post=36641"},{"taxonomy":"product_brand","embeddable":true,"href":"https:\/\/winstage.at\/en\/wp-json\/wp\/v2\/product_brand?post=36641"},{"taxonomy":"product_cat","embeddable":true,"href":"https:\/\/winstage.at\/en\/wp-json\/wp\/v2\/product_cat?post=36641"},{"taxonomy":"product_tag","embeddable":true,"href":"https:\/\/winstage.at\/en\/wp-json\/wp\/v2\/product_tag?post=36641"}],"curies":[{"name":"wp","href":"https:\/\/api.w.org\/{rel}","templated":true}]}}