{"id":36643,"date":"2026-04-14T19:19:34","date_gmt":"2026-04-14T17:19:34","guid":{"rendered":"https:\/\/winstage.at\/?post_type=product&#038;p=36643"},"modified":"2026-04-14T19:19:35","modified_gmt":"2026-04-14T17:19:35","slug":"im-rhythmus-der-tiefe","status":"publish","type":"product","link":"https:\/\/winstage.at\/en\/event\/im-rhythmus-der-tiefe\/","title":{"rendered":"Im Rhythmus der Tiefe"},"content":{"rendered":"<p>Das Gem\u00e4lde &#8220;Im Rhythmus der Tiefe&#8221; aus der Serie &#8220;Wir sind Meer&#8221; &#8211; gemalt mit Acryl und \u00d6l auf Leinwand. Nautilus auf weiblichem K\u00f6rper, Symbol f\u00fcr Meer, Weiblichkeit und Ursprung des Lebens. Das Bild ist gerahmt &#8211; Schattenfugenrahmen blauschwarz lackiert.<\/p>\n","protected":false},"excerpt":{"rendered":"<p>Das Gem\u00e4lde &#8220;Im Rhythmus der Tiefe&#8221; aus der Serie &#8220;Wir sind Meer&#8221; &#8211; gemalt mit&#8230;<\/p>\n","protected":false},"author":255,"featured_media":36627,"template":"","meta":{"_acf_changed":false,"iawp_total_views":0},"besichtigung":[1058],"filter_size":[],"filter_style":[1059],"filter_technique":[1086],"kunstler":[1548],"product_brand":[],"product_cat":[1062],"product_tag":[],"class_list":{"0":"post-36643","1":"product","2":"type-product","3":"status-publish","4":"has-post-thumbnail","6":"besichtigung-nur-online","7":"filter_style-paintings","8":"filter_technique-mixed-media","9":"kunstler-gabriela-hajek-renner-en","10":"product_cat-starter","12":"first","13":"instock","14":"shipping-taxable","15":"purchasable","16":"product-type-simple"},"acf":[],"_links":{"self":[{"href":"https:\/\/winstage.at\/en\/wp-json\/wp\/v2\/product\/36643","targetHints":{"allow":["GET"]}}],"collection":[{"href":"https:\/\/winstage.at\/en\/wp-json\/wp\/v2\/product"}],"about":[{"href":"https:\/\/winstage.at\/en\/wp-json\/wp\/v2\/types\/product"}],"author":[{"embeddable":true,"href":"https:\/\/winstage.at\/en\/wp-json\/wp\/v2\/users\/255"}],"wp:featuredmedia":[{"embeddable":true,"href":"https:\/\/winstage.at\/en\/wp-json\/wp\/v2\/media\/36627"}],"wp:attachment":[{"href":"https:\/\/winstage.at\/en\/wp-json\/wp\/v2\/media?parent=36643"}],"wp:term":[{"taxonomy":"besichtigung","embeddable":true,"href":"https:\/\/winstage.at\/en\/wp-json\/wp\/v2\/besichtigung?post=36643"},{"taxonomy":"filter_size","embeddable":true,"href":"https:\/\/winstage.at\/en\/wp-json\/wp\/v2\/filter_size?post=36643"},{"taxonomy":"filter_style","embeddable":true,"href":"https:\/\/winstage.at\/en\/wp-json\/wp\/v2\/filter_style?post=36643"},{"taxonomy":"filter_technique","embeddable":true,"href":"https:\/\/winstage.at\/en\/wp-json\/wp\/v2\/filter_technique?post=36643"},{"taxonomy":"kunstler","embeddable":true,"href":"https:\/\/winstage.at\/en\/wp-json\/wp\/v2\/kunstler?post=36643"},{"taxonomy":"product_brand","embeddable":true,"href":"https:\/\/winstage.at\/en\/wp-json\/wp\/v2\/product_brand?post=36643"},{"taxonomy":"product_cat","embeddable":true,"href":"https:\/\/winstage.at\/en\/wp-json\/wp\/v2\/product_cat?post=36643"},{"taxonomy":"product_tag","embeddable":true,"href":"https:\/\/winstage.at\/en\/wp-json\/wp\/v2\/product_tag?post=36643"}],"curies":[{"name":"wp","href":"https:\/\/api.w.org\/{rel}","templated":true}]}}