{"id":36647,"date":"2026-04-14T19:01:27","date_gmt":"2026-04-14T17:01:27","guid":{"rendered":"https:\/\/winstage.at\/?post_type=product&#038;p=36647"},"modified":"2026-04-14T19:16:06","modified_gmt":"2026-04-14T17:16:06","slug":"der-moment-des-schaffens","status":"publish","type":"product","link":"https:\/\/winstage.at\/en\/event\/der-moment-des-schaffens\/","title":{"rendered":"Der Moment des Schaffens"},"content":{"rendered":"<p>Der Moment des Schaffens &#8211; ein Gem\u00e4lde aus der Serie &#8220;Zwischen Rahmen und Realit\u00e4t&#8221; zeigt ein Selbstportr\u00e4t der K\u00fcnstlerin w\u00e4hrend ihrer Arbeit.<\/p>\n","protected":false},"excerpt":{"rendered":"<p>Der Moment des Schaffens &#8211; ein Gem\u00e4lde aus der Serie &#8220;Zwischen Rahmen und Realit\u00e4t&#8221; zeigt&#8230;<\/p>\n","protected":false},"author":255,"featured_media":36617,"template":"","meta":{"_acf_changed":false,"iawp_total_views":0},"besichtigung":[1058],"filter_size":[],"filter_style":[1059],"filter_technique":[1060],"kunstler":[1548],"product_brand":[],"product_cat":[1062],"product_tag":[],"class_list":{"0":"post-36647","1":"product","2":"type-product","3":"status-publish","4":"has-post-thumbnail","6":"besichtigung-nur-online","7":"filter_style-paintings","8":"filter_technique-acryl","9":"kunstler-gabriela-hajek-renner-en","10":"product_cat-starter","12":"first","13":"instock","14":"shipping-taxable","15":"purchasable","16":"product-type-simple"},"acf":[],"_links":{"self":[{"href":"https:\/\/winstage.at\/en\/wp-json\/wp\/v2\/product\/36647","targetHints":{"allow":["GET"]}}],"collection":[{"href":"https:\/\/winstage.at\/en\/wp-json\/wp\/v2\/product"}],"about":[{"href":"https:\/\/winstage.at\/en\/wp-json\/wp\/v2\/types\/product"}],"author":[{"embeddable":true,"href":"https:\/\/winstage.at\/en\/wp-json\/wp\/v2\/users\/255"}],"wp:featuredmedia":[{"embeddable":true,"href":"https:\/\/winstage.at\/en\/wp-json\/wp\/v2\/media\/36617"}],"wp:attachment":[{"href":"https:\/\/winstage.at\/en\/wp-json\/wp\/v2\/media?parent=36647"}],"wp:term":[{"taxonomy":"besichtigung","embeddable":true,"href":"https:\/\/winstage.at\/en\/wp-json\/wp\/v2\/besichtigung?post=36647"},{"taxonomy":"filter_size","embeddable":true,"href":"https:\/\/winstage.at\/en\/wp-json\/wp\/v2\/filter_size?post=36647"},{"taxonomy":"filter_style","embeddable":true,"href":"https:\/\/winstage.at\/en\/wp-json\/wp\/v2\/filter_style?post=36647"},{"taxonomy":"filter_technique","embeddable":true,"href":"https:\/\/winstage.at\/en\/wp-json\/wp\/v2\/filter_technique?post=36647"},{"taxonomy":"kunstler","embeddable":true,"href":"https:\/\/winstage.at\/en\/wp-json\/wp\/v2\/kunstler?post=36647"},{"taxonomy":"product_brand","embeddable":true,"href":"https:\/\/winstage.at\/en\/wp-json\/wp\/v2\/product_brand?post=36647"},{"taxonomy":"product_cat","embeddable":true,"href":"https:\/\/winstage.at\/en\/wp-json\/wp\/v2\/product_cat?post=36647"},{"taxonomy":"product_tag","embeddable":true,"href":"https:\/\/winstage.at\/en\/wp-json\/wp\/v2\/product_tag?post=36647"}],"curies":[{"name":"wp","href":"https:\/\/api.w.org\/{rel}","templated":true}]}}