{"id":36668,"date":"2026-04-15T11:17:21","date_gmt":"2026-04-15T09:17:21","guid":{"rendered":"https:\/\/winstage.at\/?post_type=product&#038;p=36668"},"modified":"2026-04-15T11:17:22","modified_gmt":"2026-04-15T09:17:22","slug":"krebs-in-die-konfrontation","status":"publish","type":"product","link":"https:\/\/winstage.at\/en\/event\/krebs-in-die-konfrontation\/","title":{"rendered":"Krebs\/IN ( Die Konfrontation)"},"content":{"rendered":"<p>Thema: Artist Statement Konzept: Eine psychologische R\u00fcckenansicht. In diesem Werk wirkt das Licht als Enth\u00fcller. Es modelliert die feine Haarstruktur und die Porzellanhaut, w\u00e4hrend das grelle Rot des Krebses als \u201eLicht-St\u00f6rer\u201c fungiert. Licht beleuchtet hier die ungesch\u00f6nte, verletzliche Wahrheit und die Konfrontation mit dem Fremden. Concept: A psychological back view. In this work, light acts as a revealer. It shapes the delicate texture of the hair and the porcelain skin, while the vivid red of the crab functions as a \u201cdisruptor of light.\u201d Here, light illuminates the unembellished, vulnerable truth and the confrontation with the foreign.<\/p>\n","protected":false},"excerpt":{"rendered":"<p>Thema: Artist Statement Konzept: Eine psychologische R\u00fcckenansicht. In diesem Werk wirkt das Licht als Enth\u00fcller&#8230;.<\/p>\n","protected":false},"author":0,"featured_media":36662,"template":"","meta":{"_acf_changed":false,"iawp_total_views":0},"besichtigung":[1058],"filter_size":[],"filter_style":[1059],"filter_technique":[1060],"kunstler":[1552],"product_brand":[],"product_cat":[1130],"product_tag":[],"class_list":{"0":"post-36668","1":"product","2":"type-product","3":"status-publish","4":"has-post-thumbnail","6":"besichtigung-nur-online","7":"filter_style-paintings","8":"filter_technique-acryl","9":"kunstler-anna-anna-juetten-schlebusch-en","10":"product_cat-pro","12":"first","13":"instock","14":"shipping-taxable","15":"product-type-simple"},"acf":[],"_links":{"self":[{"href":"https:\/\/winstage.at\/en\/wp-json\/wp\/v2\/product\/36668","targetHints":{"allow":["GET"]}}],"collection":[{"href":"https:\/\/winstage.at\/en\/wp-json\/wp\/v2\/product"}],"about":[{"href":"https:\/\/winstage.at\/en\/wp-json\/wp\/v2\/types\/product"}],"wp:featuredmedia":[{"embeddable":true,"href":"https:\/\/winstage.at\/en\/wp-json\/wp\/v2\/media\/36662"}],"wp:attachment":[{"href":"https:\/\/winstage.at\/en\/wp-json\/wp\/v2\/media?parent=36668"}],"wp:term":[{"taxonomy":"besichtigung","embeddable":true,"href":"https:\/\/winstage.at\/en\/wp-json\/wp\/v2\/besichtigung?post=36668"},{"taxonomy":"filter_size","embeddable":true,"href":"https:\/\/winstage.at\/en\/wp-json\/wp\/v2\/filter_size?post=36668"},{"taxonomy":"filter_style","embeddable":true,"href":"https:\/\/winstage.at\/en\/wp-json\/wp\/v2\/filter_style?post=36668"},{"taxonomy":"filter_technique","embeddable":true,"href":"https:\/\/winstage.at\/en\/wp-json\/wp\/v2\/filter_technique?post=36668"},{"taxonomy":"kunstler","embeddable":true,"href":"https:\/\/winstage.at\/en\/wp-json\/wp\/v2\/kunstler?post=36668"},{"taxonomy":"product_brand","embeddable":true,"href":"https:\/\/winstage.at\/en\/wp-json\/wp\/v2\/product_brand?post=36668"},{"taxonomy":"product_cat","embeddable":true,"href":"https:\/\/winstage.at\/en\/wp-json\/wp\/v2\/product_cat?post=36668"},{"taxonomy":"product_tag","embeddable":true,"href":"https:\/\/winstage.at\/en\/wp-json\/wp\/v2\/product_tag?post=36668"}],"curies":[{"name":"wp","href":"https:\/\/api.w.org\/{rel}","templated":true}]}}