{"id":36734,"date":"2026-04-16T10:19:44","date_gmt":"2026-04-16T08:19:44","guid":{"rendered":"https:\/\/winstage.at\/?post_type=product&#038;p=36734"},"modified":"2026-04-16T10:19:45","modified_gmt":"2026-04-16T08:19:45","slug":"grenzverlaeufe-des-uebergangs","status":"publish","type":"product","link":"https:\/\/winstage.at\/en\/event\/grenzverlaeufe-des-uebergangs\/","title":{"rendered":"Grenzverl\u00e4ufe des \u00dcbergangs"},"content":{"rendered":"<p>Die Idee hinter diesem Triphtyhon ist, das Menschsein in seiner Wandlung durch den Lebensweg einzufassen. Wie Wasser, das den Stein bricht \u2013 das langsame Erwachen einer neuen inneren Welt. Dies ist ein Triphtychon. Ein dreiteilieges Bild. Jedes funktioniert auch f\u00fcr sich alleine, sollte aber f\u00fcr die Gesamtwirkung als ein Bild betrachtet werden. 3 x 60 x 80 x 4,5 cm Mixed Media auf Leinwand Die Seiten sind dunkel gestrichen und jeder Keilrahmen mit einer Aufh\u00e4ngung versehen. Originalgem\u00e4lde mit Echtheitszertifikat, signiert auf der R\u00fcckseite<\/p>\n","protected":false},"excerpt":{"rendered":"<p>Die Idee hinter diesem Triphtyhon ist, das Menschsein in seiner Wandlung durch den Lebensweg einzufassen&#8230;.<\/p>\n","protected":false},"author":256,"featured_media":36732,"template":"","meta":{"_acf_changed":false,"iawp_total_views":0},"besichtigung":[1058],"filter_size":[],"filter_style":[1059],"filter_technique":[1086],"kunstler":[1550],"product_brand":[],"product_cat":[1062],"product_tag":[],"class_list":{"0":"post-36734","1":"product","2":"type-product","3":"status-publish","4":"has-post-thumbnail","6":"besichtigung-nur-online","7":"filter_style-paintings","8":"filter_technique-mixed-media","9":"kunstler-marie-louise-irbinger-en","10":"product_cat-starter","12":"first","13":"instock","14":"shipping-taxable","15":"purchasable","16":"product-type-simple"},"acf":[],"_links":{"self":[{"href":"https:\/\/winstage.at\/en\/wp-json\/wp\/v2\/product\/36734","targetHints":{"allow":["GET"]}}],"collection":[{"href":"https:\/\/winstage.at\/en\/wp-json\/wp\/v2\/product"}],"about":[{"href":"https:\/\/winstage.at\/en\/wp-json\/wp\/v2\/types\/product"}],"author":[{"embeddable":true,"href":"https:\/\/winstage.at\/en\/wp-json\/wp\/v2\/users\/256"}],"wp:featuredmedia":[{"embeddable":true,"href":"https:\/\/winstage.at\/en\/wp-json\/wp\/v2\/media\/36732"}],"wp:attachment":[{"href":"https:\/\/winstage.at\/en\/wp-json\/wp\/v2\/media?parent=36734"}],"wp:term":[{"taxonomy":"besichtigung","embeddable":true,"href":"https:\/\/winstage.at\/en\/wp-json\/wp\/v2\/besichtigung?post=36734"},{"taxonomy":"filter_size","embeddable":true,"href":"https:\/\/winstage.at\/en\/wp-json\/wp\/v2\/filter_size?post=36734"},{"taxonomy":"filter_style","embeddable":true,"href":"https:\/\/winstage.at\/en\/wp-json\/wp\/v2\/filter_style?post=36734"},{"taxonomy":"filter_technique","embeddable":true,"href":"https:\/\/winstage.at\/en\/wp-json\/wp\/v2\/filter_technique?post=36734"},{"taxonomy":"kunstler","embeddable":true,"href":"https:\/\/winstage.at\/en\/wp-json\/wp\/v2\/kunstler?post=36734"},{"taxonomy":"product_brand","embeddable":true,"href":"https:\/\/winstage.at\/en\/wp-json\/wp\/v2\/product_brand?post=36734"},{"taxonomy":"product_cat","embeddable":true,"href":"https:\/\/winstage.at\/en\/wp-json\/wp\/v2\/product_cat?post=36734"},{"taxonomy":"product_tag","embeddable":true,"href":"https:\/\/winstage.at\/en\/wp-json\/wp\/v2\/product_tag?post=36734"}],"curies":[{"name":"wp","href":"https:\/\/api.w.org\/{rel}","templated":true}]}}