{"id":36738,"date":"2026-04-16T10:19:20","date_gmt":"2026-04-16T08:19:20","guid":{"rendered":"https:\/\/winstage.at\/?post_type=product&#038;p=36738"},"modified":"2026-04-16T10:19:21","modified_gmt":"2026-04-16T08:19:21","slug":"partitur-der-schoepfung","status":"publish","type":"product","link":"https:\/\/winstage.at\/en\/event\/partitur-der-schoepfung\/","title":{"rendered":"Partitur der Sch\u00f6pfung"},"content":{"rendered":"<p>Die Energie des Himmels findet Form. Ein g\u00f6ttlicher Funke, der mit der Welt verschmilzt &#8211; rein, energetisch und mit allem verbunden. Die visuelle Komposition unserer Inkarnation. Die R\u00e4nder sind farblich passend zum Bild bemalt. Es ist mit einer Aufh\u00e4ngung versehen. Originalgem\u00e4lde mit Echtheitszertifikat<\/p>\n","protected":false},"excerpt":{"rendered":"<p>Die Energie des Himmels findet Form. Ein g\u00f6ttlicher Funke, der mit der Welt verschmilzt &#8211;&#8230;<\/p>\n","protected":false},"author":256,"featured_media":36736,"template":"","meta":{"_acf_changed":false,"iawp_total_views":0},"besichtigung":[1058],"filter_size":[],"filter_style":[1059],"filter_technique":[1086],"kunstler":[1550],"product_brand":[],"product_cat":[1062],"product_tag":[],"class_list":{"0":"post-36738","1":"product","2":"type-product","3":"status-publish","4":"has-post-thumbnail","6":"besichtigung-nur-online","7":"filter_style-paintings","8":"filter_technique-mixed-media","9":"kunstler-marie-louise-irbinger-en","10":"product_cat-starter","12":"first","13":"instock","14":"shipping-taxable","15":"purchasable","16":"product-type-simple"},"acf":[],"_links":{"self":[{"href":"https:\/\/winstage.at\/en\/wp-json\/wp\/v2\/product\/36738","targetHints":{"allow":["GET"]}}],"collection":[{"href":"https:\/\/winstage.at\/en\/wp-json\/wp\/v2\/product"}],"about":[{"href":"https:\/\/winstage.at\/en\/wp-json\/wp\/v2\/types\/product"}],"author":[{"embeddable":true,"href":"https:\/\/winstage.at\/en\/wp-json\/wp\/v2\/users\/256"}],"wp:featuredmedia":[{"embeddable":true,"href":"https:\/\/winstage.at\/en\/wp-json\/wp\/v2\/media\/36736"}],"wp:attachment":[{"href":"https:\/\/winstage.at\/en\/wp-json\/wp\/v2\/media?parent=36738"}],"wp:term":[{"taxonomy":"besichtigung","embeddable":true,"href":"https:\/\/winstage.at\/en\/wp-json\/wp\/v2\/besichtigung?post=36738"},{"taxonomy":"filter_size","embeddable":true,"href":"https:\/\/winstage.at\/en\/wp-json\/wp\/v2\/filter_size?post=36738"},{"taxonomy":"filter_style","embeddable":true,"href":"https:\/\/winstage.at\/en\/wp-json\/wp\/v2\/filter_style?post=36738"},{"taxonomy":"filter_technique","embeddable":true,"href":"https:\/\/winstage.at\/en\/wp-json\/wp\/v2\/filter_technique?post=36738"},{"taxonomy":"kunstler","embeddable":true,"href":"https:\/\/winstage.at\/en\/wp-json\/wp\/v2\/kunstler?post=36738"},{"taxonomy":"product_brand","embeddable":true,"href":"https:\/\/winstage.at\/en\/wp-json\/wp\/v2\/product_brand?post=36738"},{"taxonomy":"product_cat","embeddable":true,"href":"https:\/\/winstage.at\/en\/wp-json\/wp\/v2\/product_cat?post=36738"},{"taxonomy":"product_tag","embeddable":true,"href":"https:\/\/winstage.at\/en\/wp-json\/wp\/v2\/product_tag?post=36738"}],"curies":[{"name":"wp","href":"https:\/\/api.w.org\/{rel}","templated":true}]}}