{"id":36742,"date":"2026-04-16T10:18:55","date_gmt":"2026-04-16T08:18:55","guid":{"rendered":"https:\/\/winstage.at\/?post_type=product&#038;p=36742"},"modified":"2026-04-16T10:18:56","modified_gmt":"2026-04-16T08:18:56","slug":"lichtspur","status":"publish","type":"product","link":"https:\/\/winstage.at\/en\/event\/lichtspur\/","title":{"rendered":"Lichtspur"},"content":{"rendered":"<p>Geordnete R\u00e4ume und die unsichtbare Geometrie, in der unser Geist und die Umwelt eins werden. Dieses Werk ist eine Komposition, die den Rhythmus sucht. Inspiriert von Musik und Tanz, spiegelt es jene Augenblicke wider, in denen wir ganz im Gef\u00fchl aufgehen und der Kopf zur Ruhe kommt. In meinen Arbeiten geht es stets um die Resonanz der Seele auf die Ereignisse unseres Lebens. Die Bilder fungieren als Biografien unserer Erfahrungen \u2013 sie zeigen, wie wir Einfl\u00fcsse verarbeiten und wie diese uns formen. Gelb steht hier als Farbe der Intuition im Zentrum. Es ist ein Werk \u00fcber das Loslassen und das Ankommen im eigenen Rhythmus. Details: Mixed Media mit \u00d6lfarben auf Leinwand 40 x 60 cm Inklusive Schattenfugen-Rahmen in schwarz Original mit Echtheitszertifikat, auf der R\u00fcckseite signiert<\/p>\n","protected":false},"excerpt":{"rendered":"<p>Geordnete R\u00e4ume und die unsichtbare Geometrie, in der unser Geist und die Umwelt eins werden&#8230;.<\/p>\n","protected":false},"author":256,"featured_media":36740,"template":"","meta":{"_acf_changed":false,"iawp_total_views":0},"besichtigung":[1058],"filter_size":[],"filter_style":[1059],"filter_technique":[1086],"kunstler":[1550],"product_brand":[],"product_cat":[1062],"product_tag":[],"class_list":{"0":"post-36742","1":"product","2":"type-product","3":"status-publish","4":"has-post-thumbnail","6":"besichtigung-nur-online","7":"filter_style-paintings","8":"filter_technique-mixed-media","9":"kunstler-marie-louise-irbinger-en","10":"product_cat-starter","12":"first","13":"instock","14":"shipping-taxable","15":"purchasable","16":"product-type-simple"},"acf":[],"_links":{"self":[{"href":"https:\/\/winstage.at\/en\/wp-json\/wp\/v2\/product\/36742","targetHints":{"allow":["GET"]}}],"collection":[{"href":"https:\/\/winstage.at\/en\/wp-json\/wp\/v2\/product"}],"about":[{"href":"https:\/\/winstage.at\/en\/wp-json\/wp\/v2\/types\/product"}],"author":[{"embeddable":true,"href":"https:\/\/winstage.at\/en\/wp-json\/wp\/v2\/users\/256"}],"wp:featuredmedia":[{"embeddable":true,"href":"https:\/\/winstage.at\/en\/wp-json\/wp\/v2\/media\/36740"}],"wp:attachment":[{"href":"https:\/\/winstage.at\/en\/wp-json\/wp\/v2\/media?parent=36742"}],"wp:term":[{"taxonomy":"besichtigung","embeddable":true,"href":"https:\/\/winstage.at\/en\/wp-json\/wp\/v2\/besichtigung?post=36742"},{"taxonomy":"filter_size","embeddable":true,"href":"https:\/\/winstage.at\/en\/wp-json\/wp\/v2\/filter_size?post=36742"},{"taxonomy":"filter_style","embeddable":true,"href":"https:\/\/winstage.at\/en\/wp-json\/wp\/v2\/filter_style?post=36742"},{"taxonomy":"filter_technique","embeddable":true,"href":"https:\/\/winstage.at\/en\/wp-json\/wp\/v2\/filter_technique?post=36742"},{"taxonomy":"kunstler","embeddable":true,"href":"https:\/\/winstage.at\/en\/wp-json\/wp\/v2\/kunstler?post=36742"},{"taxonomy":"product_brand","embeddable":true,"href":"https:\/\/winstage.at\/en\/wp-json\/wp\/v2\/product_brand?post=36742"},{"taxonomy":"product_cat","embeddable":true,"href":"https:\/\/winstage.at\/en\/wp-json\/wp\/v2\/product_cat?post=36742"},{"taxonomy":"product_tag","embeddable":true,"href":"https:\/\/winstage.at\/en\/wp-json\/wp\/v2\/product_tag?post=36742"}],"curies":[{"name":"wp","href":"https:\/\/api.w.org\/{rel}","templated":true}]}}