{"id":36746,"date":"2026-04-16T10:18:41","date_gmt":"2026-04-16T08:18:41","guid":{"rendered":"https:\/\/winstage.at\/?post_type=product&#038;p=36746"},"modified":"2026-04-16T10:18:42","modified_gmt":"2026-04-16T08:18:42","slug":"ungezaehmter-friede","status":"publish","type":"product","link":"https:\/\/winstage.at\/en\/event\/ungezaehmter-friede\/","title":{"rendered":"Ungez\u00e4hmter Friede"},"content":{"rendered":"<p>Wie Wind auf hellem Sand \u2013 fl\u00fcchtige Spuren unserer st\u00e4ndigen Ver\u00e4nderung. Lassen Sie sich von der ruhigen Optik nicht t\u00e4uschen. Unter dieser Oberfl\u00e4che liegen unz\u00e4hlige Schichten, Collagen und Strukturpasten. Ich bin gef\u00fchlt eine Million Mal dar\u00fcbergegangen, bis die Komposition genau dort war, wo ich sie haben wollte. Ein Friede, den man sich hart erarbeiten muss. Mixed Media mit \u00d6lfarben 50x50cm auf Leinwand, montiert in einem schwarzen Schattenfugenrahmen Kann direkt aufgeh\u00e4ngt werden. Original, signiert auf R\u00fcckseite<\/p>\n","protected":false},"excerpt":{"rendered":"<p>Wie Wind auf hellem Sand \u2013 fl\u00fcchtige Spuren unserer st\u00e4ndigen Ver\u00e4nderung. Lassen Sie sich von&#8230;<\/p>\n","protected":false},"author":256,"featured_media":36744,"template":"","meta":{"_acf_changed":false,"iawp_total_views":0},"besichtigung":[1058],"filter_size":[],"filter_style":[1059],"filter_technique":[1086],"kunstler":[1550],"product_brand":[],"product_cat":[1062],"product_tag":[],"class_list":{"0":"post-36746","1":"product","2":"type-product","3":"status-publish","4":"has-post-thumbnail","6":"besichtigung-nur-online","7":"filter_style-paintings","8":"filter_technique-mixed-media","9":"kunstler-marie-louise-irbinger-en","10":"product_cat-starter","12":"first","13":"instock","14":"shipping-taxable","15":"purchasable","16":"product-type-simple"},"acf":[],"_links":{"self":[{"href":"https:\/\/winstage.at\/en\/wp-json\/wp\/v2\/product\/36746","targetHints":{"allow":["GET"]}}],"collection":[{"href":"https:\/\/winstage.at\/en\/wp-json\/wp\/v2\/product"}],"about":[{"href":"https:\/\/winstage.at\/en\/wp-json\/wp\/v2\/types\/product"}],"author":[{"embeddable":true,"href":"https:\/\/winstage.at\/en\/wp-json\/wp\/v2\/users\/256"}],"wp:featuredmedia":[{"embeddable":true,"href":"https:\/\/winstage.at\/en\/wp-json\/wp\/v2\/media\/36744"}],"wp:attachment":[{"href":"https:\/\/winstage.at\/en\/wp-json\/wp\/v2\/media?parent=36746"}],"wp:term":[{"taxonomy":"besichtigung","embeddable":true,"href":"https:\/\/winstage.at\/en\/wp-json\/wp\/v2\/besichtigung?post=36746"},{"taxonomy":"filter_size","embeddable":true,"href":"https:\/\/winstage.at\/en\/wp-json\/wp\/v2\/filter_size?post=36746"},{"taxonomy":"filter_style","embeddable":true,"href":"https:\/\/winstage.at\/en\/wp-json\/wp\/v2\/filter_style?post=36746"},{"taxonomy":"filter_technique","embeddable":true,"href":"https:\/\/winstage.at\/en\/wp-json\/wp\/v2\/filter_technique?post=36746"},{"taxonomy":"kunstler","embeddable":true,"href":"https:\/\/winstage.at\/en\/wp-json\/wp\/v2\/kunstler?post=36746"},{"taxonomy":"product_brand","embeddable":true,"href":"https:\/\/winstage.at\/en\/wp-json\/wp\/v2\/product_brand?post=36746"},{"taxonomy":"product_cat","embeddable":true,"href":"https:\/\/winstage.at\/en\/wp-json\/wp\/v2\/product_cat?post=36746"},{"taxonomy":"product_tag","embeddable":true,"href":"https:\/\/winstage.at\/en\/wp-json\/wp\/v2\/product_tag?post=36746"}],"curies":[{"name":"wp","href":"https:\/\/api.w.org\/{rel}","templated":true}]}}