{"id":36750,"date":"2026-04-16T10:18:25","date_gmt":"2026-04-16T08:18:25","guid":{"rendered":"https:\/\/winstage.at\/?post_type=product&#038;p=36750"},"modified":"2026-04-16T10:18:27","modified_gmt":"2026-04-16T08:18:27","slug":"kartographie-des-aufbruchs","status":"publish","type":"product","link":"https:\/\/winstage.at\/en\/event\/kartographie-des-aufbruchs\/","title":{"rendered":"Kartographie des Aufbruchs"},"content":{"rendered":"<p>Erosion und Widerstand \u2013 die Narben der Zeit als Relief unserer eigenen St\u00e4rke. Die Wahrheit k\u00f6nnen wir nur in uns selbst finden. Unser inneres Wissen ist tief wie der Ozean, wenn wir uns nicht zu sehr vom Au\u00dfen von uns selbst abbringen lassen. Mixed Media auf Leinwand, in schwarzem Schattenfugenrahmen 60 x 90 cm kann direkt aufgeh\u00e4ngt werden, die Seiten sind dunkel gestrichen Originalgem\u00e4lde mit Echtheitszertifkat, signiert auf der R\u00fcckseite<\/p>\n","protected":false},"excerpt":{"rendered":"<p>Erosion und Widerstand \u2013 die Narben der Zeit als Relief unserer eigenen St\u00e4rke. Die Wahrheit&#8230;<\/p>\n","protected":false},"author":256,"featured_media":36748,"template":"","meta":{"_acf_changed":false,"iawp_total_views":0},"besichtigung":[1058],"filter_size":[],"filter_style":[1059],"filter_technique":[1086],"kunstler":[1550],"product_brand":[],"product_cat":[1062],"product_tag":[],"class_list":{"0":"post-36750","1":"product","2":"type-product","3":"status-publish","4":"has-post-thumbnail","6":"besichtigung-nur-online","7":"filter_style-paintings","8":"filter_technique-mixed-media","9":"kunstler-marie-louise-irbinger-en","10":"product_cat-starter","12":"first","13":"instock","14":"shipping-taxable","15":"purchasable","16":"product-type-simple"},"acf":[],"_links":{"self":[{"href":"https:\/\/winstage.at\/en\/wp-json\/wp\/v2\/product\/36750","targetHints":{"allow":["GET"]}}],"collection":[{"href":"https:\/\/winstage.at\/en\/wp-json\/wp\/v2\/product"}],"about":[{"href":"https:\/\/winstage.at\/en\/wp-json\/wp\/v2\/types\/product"}],"author":[{"embeddable":true,"href":"https:\/\/winstage.at\/en\/wp-json\/wp\/v2\/users\/256"}],"wp:featuredmedia":[{"embeddable":true,"href":"https:\/\/winstage.at\/en\/wp-json\/wp\/v2\/media\/36748"}],"wp:attachment":[{"href":"https:\/\/winstage.at\/en\/wp-json\/wp\/v2\/media?parent=36750"}],"wp:term":[{"taxonomy":"besichtigung","embeddable":true,"href":"https:\/\/winstage.at\/en\/wp-json\/wp\/v2\/besichtigung?post=36750"},{"taxonomy":"filter_size","embeddable":true,"href":"https:\/\/winstage.at\/en\/wp-json\/wp\/v2\/filter_size?post=36750"},{"taxonomy":"filter_style","embeddable":true,"href":"https:\/\/winstage.at\/en\/wp-json\/wp\/v2\/filter_style?post=36750"},{"taxonomy":"filter_technique","embeddable":true,"href":"https:\/\/winstage.at\/en\/wp-json\/wp\/v2\/filter_technique?post=36750"},{"taxonomy":"kunstler","embeddable":true,"href":"https:\/\/winstage.at\/en\/wp-json\/wp\/v2\/kunstler?post=36750"},{"taxonomy":"product_brand","embeddable":true,"href":"https:\/\/winstage.at\/en\/wp-json\/wp\/v2\/product_brand?post=36750"},{"taxonomy":"product_cat","embeddable":true,"href":"https:\/\/winstage.at\/en\/wp-json\/wp\/v2\/product_cat?post=36750"},{"taxonomy":"product_tag","embeddable":true,"href":"https:\/\/winstage.at\/en\/wp-json\/wp\/v2\/product_tag?post=36750"}],"curies":[{"name":"wp","href":"https:\/\/api.w.org\/{rel}","templated":true}]}}