{"id":36755,"date":"2026-04-16T14:57:37","date_gmt":"2026-04-16T12:57:37","guid":{"rendered":"https:\/\/winstage.at\/?post_type=product&#038;p=36755"},"modified":"2026-04-16T14:58:07","modified_gmt":"2026-04-16T12:58:07","slug":"kernfeuer","status":"publish","type":"product","link":"https:\/\/winstage.at\/en\/event\/kernfeuer\/","title":{"rendered":"Kernfeuer"},"content":{"rendered":"<p>Feuer in der Tiefe \u2013 die archaische Energie einer Neusch\u00f6pfung, die aus dem Inneren nach au\u00dfen bricht. Entstanden aus einer tiefen inneren Auseinandersetzung. Es visualisiert den Moment, in dem man der eigenen Angst gegen\u00fcbersteht und sie schlie\u00dflich besiegt. Ein Bild \u00fcber die Urkraft, die unter der Oberfl\u00e4che brodelt &#8211; und den Frieden der danach kommt. Mixed Media mit \u00d6lfarben 40x40x4.5 cm auf Leinwand Ungerahmt, direkt zum Aufh\u00e4ngen geeignet (breiter Rand zum Bild passend schwarz bemalt, Aufh\u00e4ngung auf der R\u00fcckseite) Original mit Echtheitszertifikat, signiert auf der R\u00fcckseite<\/p>\n","protected":false},"excerpt":{"rendered":"<p>Feuer in der Tiefe \u2013 die archaische Energie einer Neusch\u00f6pfung, die aus dem Inneren nach&#8230;<\/p>\n","protected":false},"author":256,"featured_media":36753,"template":"","meta":{"_acf_changed":false,"iawp_total_views":0},"besichtigung":[1058],"filter_size":[],"filter_style":[1059],"filter_technique":[1091],"kunstler":[1550],"product_brand":[],"product_cat":[1062],"product_tag":[],"class_list":{"0":"post-36755","1":"product","2":"type-product","3":"status-publish","4":"has-post-thumbnail","6":"besichtigung-nur-online","7":"filter_style-paintings","8":"filter_technique-painting","9":"kunstler-marie-louise-irbinger-en","10":"product_cat-starter","12":"first","13":"instock","14":"shipping-taxable","15":"purchasable","16":"product-type-simple"},"acf":[],"_links":{"self":[{"href":"https:\/\/winstage.at\/en\/wp-json\/wp\/v2\/product\/36755","targetHints":{"allow":["GET"]}}],"collection":[{"href":"https:\/\/winstage.at\/en\/wp-json\/wp\/v2\/product"}],"about":[{"href":"https:\/\/winstage.at\/en\/wp-json\/wp\/v2\/types\/product"}],"author":[{"embeddable":true,"href":"https:\/\/winstage.at\/en\/wp-json\/wp\/v2\/users\/256"}],"wp:featuredmedia":[{"embeddable":true,"href":"https:\/\/winstage.at\/en\/wp-json\/wp\/v2\/media\/36753"}],"wp:attachment":[{"href":"https:\/\/winstage.at\/en\/wp-json\/wp\/v2\/media?parent=36755"}],"wp:term":[{"taxonomy":"besichtigung","embeddable":true,"href":"https:\/\/winstage.at\/en\/wp-json\/wp\/v2\/besichtigung?post=36755"},{"taxonomy":"filter_size","embeddable":true,"href":"https:\/\/winstage.at\/en\/wp-json\/wp\/v2\/filter_size?post=36755"},{"taxonomy":"filter_style","embeddable":true,"href":"https:\/\/winstage.at\/en\/wp-json\/wp\/v2\/filter_style?post=36755"},{"taxonomy":"filter_technique","embeddable":true,"href":"https:\/\/winstage.at\/en\/wp-json\/wp\/v2\/filter_technique?post=36755"},{"taxonomy":"kunstler","embeddable":true,"href":"https:\/\/winstage.at\/en\/wp-json\/wp\/v2\/kunstler?post=36755"},{"taxonomy":"product_brand","embeddable":true,"href":"https:\/\/winstage.at\/en\/wp-json\/wp\/v2\/product_brand?post=36755"},{"taxonomy":"product_cat","embeddable":true,"href":"https:\/\/winstage.at\/en\/wp-json\/wp\/v2\/product_cat?post=36755"},{"taxonomy":"product_tag","embeddable":true,"href":"https:\/\/winstage.at\/en\/wp-json\/wp\/v2\/product_tag?post=36755"}],"curies":[{"name":"wp","href":"https:\/\/api.w.org\/{rel}","templated":true}]}}