{"id":36764,"date":"2026-04-16T14:57:38","date_gmt":"2026-04-16T12:57:38","guid":{"rendered":"https:\/\/winstage.at\/?post_type=product&#038;p=36764"},"modified":"2026-04-16T14:57:40","modified_gmt":"2026-04-16T12:57:40","slug":"drift","status":"publish","type":"product","link":"https:\/\/winstage.at\/en\/event\/drift\/","title":{"rendered":"Drift"},"content":{"rendered":"<p>Mineralische Ruhe \u2013 wenn die Psyche in der Best\u00e4ndigkeit der Materie ihren Anker findet. Mixed Media mit \u00d6lfarben 40 \u00d7 60 cm auf Leinwand in Schattenfugenrahmen, direkt zum Aufh\u00e4ngen geeignet Original mit Echtheitszertifikat, signiert auf der R\u00fcckseite<\/p>\n","protected":false},"excerpt":{"rendered":"<p>Mineralische Ruhe \u2013 wenn die Psyche in der Best\u00e4ndigkeit der Materie ihren Anker findet. Mixed&#8230;<\/p>\n","protected":false},"author":256,"featured_media":36761,"template":"","meta":{"_acf_changed":false,"iawp_total_views":0},"besichtigung":[1058],"filter_size":[],"filter_style":[1059],"filter_technique":[1086],"kunstler":[1550],"product_brand":[],"product_cat":[1062],"product_tag":[],"class_list":{"0":"post-36764","1":"product","2":"type-product","3":"status-publish","4":"has-post-thumbnail","6":"besichtigung-nur-online","7":"filter_style-paintings","8":"filter_technique-mixed-media","9":"kunstler-marie-louise-irbinger-en","10":"product_cat-starter","12":"first","13":"instock","14":"shipping-taxable","15":"purchasable","16":"product-type-simple"},"acf":[],"_links":{"self":[{"href":"https:\/\/winstage.at\/en\/wp-json\/wp\/v2\/product\/36764","targetHints":{"allow":["GET"]}}],"collection":[{"href":"https:\/\/winstage.at\/en\/wp-json\/wp\/v2\/product"}],"about":[{"href":"https:\/\/winstage.at\/en\/wp-json\/wp\/v2\/types\/product"}],"author":[{"embeddable":true,"href":"https:\/\/winstage.at\/en\/wp-json\/wp\/v2\/users\/256"}],"wp:featuredmedia":[{"embeddable":true,"href":"https:\/\/winstage.at\/en\/wp-json\/wp\/v2\/media\/36761"}],"wp:attachment":[{"href":"https:\/\/winstage.at\/en\/wp-json\/wp\/v2\/media?parent=36764"}],"wp:term":[{"taxonomy":"besichtigung","embeddable":true,"href":"https:\/\/winstage.at\/en\/wp-json\/wp\/v2\/besichtigung?post=36764"},{"taxonomy":"filter_size","embeddable":true,"href":"https:\/\/winstage.at\/en\/wp-json\/wp\/v2\/filter_size?post=36764"},{"taxonomy":"filter_style","embeddable":true,"href":"https:\/\/winstage.at\/en\/wp-json\/wp\/v2\/filter_style?post=36764"},{"taxonomy":"filter_technique","embeddable":true,"href":"https:\/\/winstage.at\/en\/wp-json\/wp\/v2\/filter_technique?post=36764"},{"taxonomy":"kunstler","embeddable":true,"href":"https:\/\/winstage.at\/en\/wp-json\/wp\/v2\/kunstler?post=36764"},{"taxonomy":"product_brand","embeddable":true,"href":"https:\/\/winstage.at\/en\/wp-json\/wp\/v2\/product_brand?post=36764"},{"taxonomy":"product_cat","embeddable":true,"href":"https:\/\/winstage.at\/en\/wp-json\/wp\/v2\/product_cat?post=36764"},{"taxonomy":"product_tag","embeddable":true,"href":"https:\/\/winstage.at\/en\/wp-json\/wp\/v2\/product_tag?post=36764"}],"curies":[{"name":"wp","href":"https:\/\/api.w.org\/{rel}","templated":true}]}}