{"id":36779,"date":"2026-04-16T19:23:15","date_gmt":"2026-04-16T17:23:15","guid":{"rendered":"https:\/\/winstage.at\/?post_type=product&#038;p=36779"},"modified":"2026-04-16T19:27:34","modified_gmt":"2026-04-16T17:27:34","slug":"peach-flower","status":"publish","type":"product","link":"https:\/\/winstage.at\/en\/event\/peach-flower\/","title":{"rendered":"Peach Flower"},"content":{"rendered":"<p>Die Bl\u00fcte erinnert an W\u00e4rme, Bewegung und nat\u00fcrliche Kraft. Trotz der abstrakten Gestaltung wirkt sie organisch und sanft, fast wie ein stiller Moment aus der Natur. Mit viele Tiefe und Struktur.<\/p>\n","protected":false},"excerpt":{"rendered":"<p>Die Bl\u00fcte erinnert an W\u00e4rme, Bewegung und nat\u00fcrliche Kraft. Trotz der abstrakten Gestaltung wirkt sie&#8230;<\/p>\n","protected":false},"author":0,"featured_media":36776,"template":"","meta":{"_acf_changed":false,"iawp_total_views":0},"besichtigung":[1058],"filter_size":[],"filter_style":[1059],"filter_technique":[1086],"kunstler":[],"product_brand":[],"product_cat":[1130],"product_tag":[],"class_list":{"0":"post-36779","1":"product","2":"type-product","3":"status-publish","4":"has-post-thumbnail","6":"besichtigung-nur-online","7":"filter_style-paintings","8":"filter_technique-mixed-media","9":"product_cat-pro","11":"first","12":"instock","13":"shipping-taxable","14":"purchasable","15":"product-type-simple"},"acf":[],"_links":{"self":[{"href":"https:\/\/winstage.at\/en\/wp-json\/wp\/v2\/product\/36779","targetHints":{"allow":["GET"]}}],"collection":[{"href":"https:\/\/winstage.at\/en\/wp-json\/wp\/v2\/product"}],"about":[{"href":"https:\/\/winstage.at\/en\/wp-json\/wp\/v2\/types\/product"}],"wp:featuredmedia":[{"embeddable":true,"href":"https:\/\/winstage.at\/en\/wp-json\/wp\/v2\/media\/36776"}],"wp:attachment":[{"href":"https:\/\/winstage.at\/en\/wp-json\/wp\/v2\/media?parent=36779"}],"wp:term":[{"taxonomy":"besichtigung","embeddable":true,"href":"https:\/\/winstage.at\/en\/wp-json\/wp\/v2\/besichtigung?post=36779"},{"taxonomy":"filter_size","embeddable":true,"href":"https:\/\/winstage.at\/en\/wp-json\/wp\/v2\/filter_size?post=36779"},{"taxonomy":"filter_style","embeddable":true,"href":"https:\/\/winstage.at\/en\/wp-json\/wp\/v2\/filter_style?post=36779"},{"taxonomy":"filter_technique","embeddable":true,"href":"https:\/\/winstage.at\/en\/wp-json\/wp\/v2\/filter_technique?post=36779"},{"taxonomy":"kunstler","embeddable":true,"href":"https:\/\/winstage.at\/en\/wp-json\/wp\/v2\/kunstler?post=36779"},{"taxonomy":"product_brand","embeddable":true,"href":"https:\/\/winstage.at\/en\/wp-json\/wp\/v2\/product_brand?post=36779"},{"taxonomy":"product_cat","embeddable":true,"href":"https:\/\/winstage.at\/en\/wp-json\/wp\/v2\/product_cat?post=36779"},{"taxonomy":"product_tag","embeddable":true,"href":"https:\/\/winstage.at\/en\/wp-json\/wp\/v2\/product_tag?post=36779"}],"curies":[{"name":"wp","href":"https:\/\/api.w.org\/{rel}","templated":true}]}}