{"id":4852,"date":"2025-06-05T14:23:06","date_gmt":"2025-06-05T12:23:06","guid":{"rendered":"https:\/\/winstage.at\/?post_type=product&#038;p=4852"},"modified":"2025-07-16T13:16:49","modified_gmt":"2025-07-16T11:16:49","slug":"zwischen-koerper-und-kosmos-die-poetische-bildwelt-von-silvia-ehrenreich","status":"publish","type":"product","link":"https:\/\/winstage.at\/en\/event\/zwischen-koerper-und-kosmos-die-poetische-bildwelt-von-silvia-ehrenreich\/","title":{"rendered":"Zwischen K\u00f6rper und Kosmos &#8211; die poetische Bildwelt von Silvia Ehrenreich"},"content":{"rendered":"<p class=\"p1\"><b>Silvia Ehrenreich \u2013 Bewegung als k\u00fcnstlerisches Lebensprinzip<\/b><b><\/b><\/p>\n<p class=\"p3\">Bis <span class=\"s1\"><b>28. September 2025<\/b><\/span> pr\u00e4sentiert WinStage die facettenreiche Einzelausstellung von <a href=\"https:\/\/winstage.at\/kunstler\/silvia-ehrenreich\/\" target=\"_blank\" rel=\"noopener\"><span class=\"s1\"><b>Silvia Ehrenreich<\/b><\/span><\/a>, einer Wiener K\u00fcnstlerin, deren Werke von Bewegung, Natur und fig\u00fcrlicher Poesie gepr\u00e4gt sind.<\/p>\n<p class=\"p1\"><b>Die K\u00fcnstlerin<\/b><b><\/b><\/p>\n<p class=\"p3\">Geboren 1956 in Wien, pendelt Silvia Ehrenreich zwischen ihrer Heimatstadt und dem wildromantischen Lunz am See. Schon in ihrer Kindheit entdeckte sie ihre Leidenschaft f\u00fcrs Zeichnen und Malen. In zahlreichen Kursen und Workshops \u2013 etwa zur Akt- und Portr\u00e4tzeichnung, altmeisterlichen Techniken und Fotografie \u2013 entwickelte sie ein vielseitiges Repertoire<span class=\"Apple-converted-space\">\u00a0 <\/span><span class=\"s2\"><\/span>.<\/p>\n<p class=\"p1\"><b>Stil &amp; Technik<\/b><b><\/b><\/p>\n<p class=\"p3\">Ihre Kunst kombiniert Malerei, Grafik, Mixed Media und digitale Fotografie. Zentrales Thema ist die <span class=\"s1\"><b>Bewegung<\/b><\/span>: Wasser, Tanz und Frauenbilder verschmelzen zu symbolstarken Kompositionen. Dabei spielt das Wechselspiel zwischen gesteuerter Linie und freiem, expressivem Strich eine gro\u00dfe Rolle. Ihre Werke bewegen sich zwischen gegenst\u00e4ndlicher Darstellung und abstrakter Tiefe \u2013 stets getragen von einem harmonischen, emotionalen Ausdruck .<\/p>\n<p class=\"p1\"><b>Inhaltliche Tiefe<\/b><b><\/b><\/p>\n<p class=\"p3\">Ehrenreichs Bilder spiegeln Empfindungen, Tr\u00e4ume, Naturverbundenheit und gesellschaftliche Reflexion. Wasser symbolisiert Freiheit und Lebensenergie, Frauen vereint sie oft mit Wasserlinien \u2013 ein Hinweis auf den Kreislauf von Leben und Bewegung. Ihre Fotografie verwandelt nat\u00fcrliche Motive durch digitale Nachbearbeitung in visuelle Konzentrate, die den Betrachter aktiv einbinden<span class=\"Apple-converted-space\">\u00a0 <\/span><span class=\"s2\"><\/span>.<\/p>\n<p class=\"p1\"><b>Wesentliche Merkmale<\/b><b><\/b><\/p>\n<ul>\n<li>\n<p class=\"p1\">Hauptmotive: Wasser, Frauen, Tanz, Natur und figurale Strukturen<\/p>\n<\/li>\n<li>\n<p class=\"p1\">Techniken: Acryl, Aquarell, Tusche, Pastell, Gouache, Fotografie &amp; Mixed Media<\/p>\n<\/li>\n<li>\n<p class=\"p1\">Stil: Zwischen expressiver Abstraktion und detaillierter Gegenst\u00e4ndlichkeit<span class=\"Apple-converted-space\">\u00a0 <\/span><span class=\"s1\"><\/span><\/p>\n<\/li>\n<\/ul>\n<p class=\"p1\"><b>Ausstellungsdetails<\/b><b><\/b><\/p>\n<p class=\"p3\"><span class=\"s1\"><b>Titel:<\/b><\/span> <i>Silvia Ehrenreich im Fokus<\/i><i><\/i><\/p>\n<p class=\"p3\"><span class=\"s1\"><b>Ort:<\/b><\/span> WinStage \u2013 The New Home of Art<\/p>\n<p class=\"p3\"><span class=\"s1\"><b>Adresse:<\/b><\/span> Wiener Stra\u00dfe \u2013 Werkstra\u00dfe 111, 2700 Wiener Neustadt<\/p>\n<p class=\"p3\"><span class=\"s1\"><b>Laufzeit:<\/b><\/span> bis 28. September 2025<\/p>\n<p class=\"p1\"><b>Eintritt:<\/b><span class=\"s4\"> frei<\/span><\/p>\n","protected":false},"excerpt":{"rendered":"<p>Silvia Ehrenreich \u2013 Bewegung als k\u00fcnstlerisches Lebensprinzip Bis 28. September 2025 pr\u00e4sentiert WinStage die facettenreiche&#8230;<\/p>\n","protected":false},"author":1,"featured_media":5836,"template":"","meta":{"_acf_changed":false,"iawp_total_views":1},"besichtigung":[],"filter_size":[],"filter_style":[],"filter_technique":[],"kunstler":[],"product_brand":[],"product_cat":[28],"product_tag":[],"class_list":{"0":"post-4852","1":"product","2":"type-product","3":"status-publish","4":"has-post-thumbnail","6":"product_cat-ausstellung","8":"first","9":"instock","10":"downloadable","11":"virtual","12":"purchasable","13":"product-type-simple"},"acf":[],"_links":{"self":[{"href":"https:\/\/winstage.at\/en\/wp-json\/wp\/v2\/product\/4852","targetHints":{"allow":["GET"]}}],"collection":[{"href":"https:\/\/winstage.at\/en\/wp-json\/wp\/v2\/product"}],"about":[{"href":"https:\/\/winstage.at\/en\/wp-json\/wp\/v2\/types\/product"}],"author":[{"embeddable":true,"href":"https:\/\/winstage.at\/en\/wp-json\/wp\/v2\/users\/1"}],"wp:featuredmedia":[{"embeddable":true,"href":"https:\/\/winstage.at\/en\/wp-json\/wp\/v2\/media\/5836"}],"wp:attachment":[{"href":"https:\/\/winstage.at\/en\/wp-json\/wp\/v2\/media?parent=4852"}],"wp:term":[{"taxonomy":"besichtigung","embeddable":true,"href":"https:\/\/winstage.at\/en\/wp-json\/wp\/v2\/besichtigung?post=4852"},{"taxonomy":"filter_size","embeddable":true,"href":"https:\/\/winstage.at\/en\/wp-json\/wp\/v2\/filter_size?post=4852"},{"taxonomy":"filter_style","embeddable":true,"href":"https:\/\/winstage.at\/en\/wp-json\/wp\/v2\/filter_style?post=4852"},{"taxonomy":"filter_technique","embeddable":true,"href":"https:\/\/winstage.at\/en\/wp-json\/wp\/v2\/filter_technique?post=4852"},{"taxonomy":"kunstler","embeddable":true,"href":"https:\/\/winstage.at\/en\/wp-json\/wp\/v2\/kunstler?post=4852"},{"taxonomy":"product_brand","embeddable":true,"href":"https:\/\/winstage.at\/en\/wp-json\/wp\/v2\/product_brand?post=4852"},{"taxonomy":"product_cat","embeddable":true,"href":"https:\/\/winstage.at\/en\/wp-json\/wp\/v2\/product_cat?post=4852"},{"taxonomy":"product_tag","embeddable":true,"href":"https:\/\/winstage.at\/en\/wp-json\/wp\/v2\/product_tag?post=4852"}],"curies":[{"name":"wp","href":"https:\/\/api.w.org\/{rel}","templated":true}]}}