{"id":4939,"date":"2025-06-08T12:06:39","date_gmt":"2025-06-08T10:06:39","guid":{"rendered":"https:\/\/winstage.at\/?post_type=product&#038;p=4939"},"modified":"2025-12-17T15:44:33","modified_gmt":"2025-12-17T14:44:33","slug":"fotorealismus-by-peter-muenster","status":"publish","type":"product","link":"https:\/\/winstage.at\/en\/event\/fotorealismus-by-peter-muenster\/","title":{"rendered":"Fotorealismus by Peter M\u00fcnster"},"content":{"rendered":"<p class=\"p1\"><b>Peter M\u00fcnster \u2013 Fotorealismus in Vollendung<\/b><b><\/b><\/p>\n<p class=\"p3\">Bis <span class=\"s1\"><b>11. Januar 2026<\/b><\/span> zeigt WinStage eine beeindruckende Einzelausstellung von <a href=\"https:\/\/winstage.at\/en\/kunstler\/peter-muenster\/\" target=\"_blank\" rel=\"noopener\"><span class=\"s1\"><b>Peter M\u00fcnster<\/b><\/span><\/a>, dem renommierten Meister der fotorealistischen \u00d6lmalerei.<\/p>\n<p class=\"p1\"><b>Der K\u00fcnstler<\/b><b><\/b><\/p>\n<p class=\"p3\">Geboren 1951 in Wien-Nussdorf, entdeckte Peter M\u00fcnster schon fr\u00fch seine Leidenschaft f\u00fcr die klassische Malerei \u2013 inspiriert von seinem Vater, selbst Maler und Zeichner. Nach zwanzig Jahren als Lithograf entschied er sich in den 1990er Jahren f\u00fcr ein Leben als freischaffender K\u00fcnstler nahe Baden bei Wien.<\/p>\n<p class=\"p1\"><b>Seine Technik<\/b><b><\/b><\/p>\n<p class=\"p3\">M\u00fcnster arbeitet in traditioneller, altmeisterlicher \u00d6ltechnik auf Holzplatten. Seine Werke zeichnen sich durch h\u00f6chste handwerkliche Pr\u00e4zision und beeindruckende Detailverliebtheit aus. Beeinflusst von den Fantastischen Realisten der Wiener Schule und Altmeistern wie Ernst Fuchs oder Rudolf Hausner, verbindet M\u00fcnster handwerkliche Tradition mit zeitloser Ausdruckskraft.<\/p>\n<p class=\"p1\"><b>Anerkennung<\/b><b><\/b><\/p>\n<p class=\"p3\">F\u00fcr seine k\u00fcnstlerischen Leistungen wurde er 2015 mit dem renommierten <span class=\"s1\"><b>Kitz Award of Excellence<\/b><\/span> ausgezeichnet.<\/p>\n<p class=\"p1\"><b>Thematische Tiefe<\/b><b><\/b><\/p>\n<p class=\"p3\">Viele seiner Werke sind von Literatur und Philosophie inspiriert \u2013 etwa durch Kafka, Trakl oder pers\u00f6nliche Lebenserfahrungen. Seine realistischen Motive entfalten dabei eine symbolische Ebene, die tief unter die Oberfl\u00e4che blickt.<\/p>\n<p class=\"p1\"><b>Ausstellungsdetails<\/b><b><\/b><\/p>\n<p class=\"p3\"><span class=\"s1\"><b>Titel:<\/b><\/span> <i>Fotorealismus by Peter M\u00fcnster<\/i><i><\/i><\/p>\n<p class=\"p3\"><span class=\"s1\"><b>Ort:<\/b><\/span> WinStage \u2013 The New Home of Art<\/p>\n<p class=\"p3\"><span class=\"s1\"><b>Adresse:<\/b><\/span> Wiener Stra\u00dfe \u2013 Werkstra\u00dfe 111, 2700 Wiener Neustadt<\/p>\n<p class=\"p3\"><span class=\"s1\"><b>Laufzeit:<\/b><\/span> bis 11. Januar 2026<\/p>\n<p class=\"p1\"><b>Eintritt:<\/b><span class=\"s2\"> frei<\/span><\/p>\n","protected":false},"excerpt":{"rendered":"<p>Peter M\u00fcnster \u2013 Fotorealismus in Vollendung Bis 11. Januar 2026 zeigt WinStage eine beeindruckende Einzelausstellung&#8230;<\/p>\n","protected":false},"author":3,"featured_media":5835,"template":"","meta":{"_acf_changed":false,"iawp_total_views":0},"besichtigung":[],"filter_size":[],"filter_style":[],"filter_technique":[],"kunstler":[],"product_brand":[],"product_cat":[28],"product_tag":[],"class_list":{"0":"post-4939","1":"product","2":"type-product","3":"status-publish","4":"has-post-thumbnail","6":"product_cat-ausstellung","8":"first","9":"instock","10":"downloadable","11":"virtual","12":"purchasable","13":"product-type-simple"},"acf":[],"_links":{"self":[{"href":"https:\/\/winstage.at\/en\/wp-json\/wp\/v2\/product\/4939","targetHints":{"allow":["GET"]}}],"collection":[{"href":"https:\/\/winstage.at\/en\/wp-json\/wp\/v2\/product"}],"about":[{"href":"https:\/\/winstage.at\/en\/wp-json\/wp\/v2\/types\/product"}],"author":[{"embeddable":true,"href":"https:\/\/winstage.at\/en\/wp-json\/wp\/v2\/users\/3"}],"wp:featuredmedia":[{"embeddable":true,"href":"https:\/\/winstage.at\/en\/wp-json\/wp\/v2\/media\/5835"}],"wp:attachment":[{"href":"https:\/\/winstage.at\/en\/wp-json\/wp\/v2\/media?parent=4939"}],"wp:term":[{"taxonomy":"besichtigung","embeddable":true,"href":"https:\/\/winstage.at\/en\/wp-json\/wp\/v2\/besichtigung?post=4939"},{"taxonomy":"filter_size","embeddable":true,"href":"https:\/\/winstage.at\/en\/wp-json\/wp\/v2\/filter_size?post=4939"},{"taxonomy":"filter_style","embeddable":true,"href":"https:\/\/winstage.at\/en\/wp-json\/wp\/v2\/filter_style?post=4939"},{"taxonomy":"filter_technique","embeddable":true,"href":"https:\/\/winstage.at\/en\/wp-json\/wp\/v2\/filter_technique?post=4939"},{"taxonomy":"kunstler","embeddable":true,"href":"https:\/\/winstage.at\/en\/wp-json\/wp\/v2\/kunstler?post=4939"},{"taxonomy":"product_brand","embeddable":true,"href":"https:\/\/winstage.at\/en\/wp-json\/wp\/v2\/product_brand?post=4939"},{"taxonomy":"product_cat","embeddable":true,"href":"https:\/\/winstage.at\/en\/wp-json\/wp\/v2\/product_cat?post=4939"},{"taxonomy":"product_tag","embeddable":true,"href":"https:\/\/winstage.at\/en\/wp-json\/wp\/v2\/product_tag?post=4939"}],"curies":[{"name":"wp","href":"https:\/\/api.w.org\/{rel}","templated":true}]}}