{"id":5814,"date":"2025-06-21T17:16:38","date_gmt":"2025-06-21T15:16:38","guid":{"rendered":"https:\/\/winstage.at\/?post_type=product&#038;p=5814"},"modified":"2025-07-12T11:54:33","modified_gmt":"2025-07-12T09:54:33","slug":"vernissage-fink-schratt-steinauer","status":"publish","type":"product","link":"https:\/\/winstage.at\/en\/event\/vernissage-fink-schratt-steinauer\/","title":{"rendered":"Vernissage &#8211; Fink, Schratt, Steinauer"},"content":{"rendered":"<p><strong>3 M\u00e4dels rocken das Kunsthaus<\/strong><\/p>\n<p>Diese besondere Vernissage entstand aus einem Instagram-Gewinnspiel, welches Ursula Schratt gewonnen hat. Statt alleine auszustellen, teilt sie ihren Gewinn gro\u00dfz\u00fcgig mit zwei K\u00fcnstlerkolleginnen der Plattform EGSO: Linda Fink und Siegi Steinauer.<\/p>\n<p>Gemeinsam pr\u00e4sentieren die drei K\u00fcnstlerinnen nun ihre Werke \u2013 vielf\u00e4ltig, ausdrucksstark und mit ganz pers\u00f6nlicher Handschrift.<\/p>\n<p>\ud83d\uddd3 Sonntag, 6. Juli 2025 | 15:00\u201319:00 Uhr<br \/>\n\ud83d\udccd WinStage | Wiener Stra\u00dfe \u2013 Werkstra\u00dfe 111, 2700 Wiener Neustadt<\/p>\n<p>\u2728 Was dich erwartet:<br \/>\n\ud83e\udd42 15:00 Prosecco-Empfang<br \/>\n\ud83c\udfa4 15:30 Laudatio von Wolfgang Pannek<br \/>\n\ud83c\udfad 17:00 Impro am Teich \u2013 Ensemble Artis Universalis<\/p>\n<p>\ud83d\uddbc\ufe0f Drei Frauen \u2013 ein gemeinsamer Auf tritt voller Emotion, Tiefe und k\u00fcnstlerischer Vielfalt.<\/p>\n<p>\ud83d\udc49 Eintritt frei \u2013 komm vorbei \ud83e\udd73<\/p>\n","protected":false},"excerpt":{"rendered":"<p>3 M\u00e4dels rocken das Kunsthaus Diese besondere Vernissage entstand aus einem Instagram-Gewinnspiel, welches Ursula Schratt&#8230;<\/p>\n","protected":false},"author":3,"featured_media":5833,"template":"","meta":{"_acf_changed":false,"iawp_total_views":4},"besichtigung":[39],"filter_size":[],"filter_style":[],"filter_technique":[],"kunstler":[],"product_brand":[],"product_cat":[29],"product_tag":[],"class_list":{"0":"post-5814","1":"product","2":"type-product","3":"status-publish","4":"has-post-thumbnail","6":"besichtigung-winstage","7":"product_cat-vernissage","9":"first","10":"instock","11":"downloadable","12":"virtual","13":"purchasable","14":"product-type-simple"},"acf":[],"_links":{"self":[{"href":"https:\/\/winstage.at\/en\/wp-json\/wp\/v2\/product\/5814","targetHints":{"allow":["GET"]}}],"collection":[{"href":"https:\/\/winstage.at\/en\/wp-json\/wp\/v2\/product"}],"about":[{"href":"https:\/\/winstage.at\/en\/wp-json\/wp\/v2\/types\/product"}],"author":[{"embeddable":true,"href":"https:\/\/winstage.at\/en\/wp-json\/wp\/v2\/users\/3"}],"wp:featuredmedia":[{"embeddable":true,"href":"https:\/\/winstage.at\/en\/wp-json\/wp\/v2\/media\/5833"}],"wp:attachment":[{"href":"https:\/\/winstage.at\/en\/wp-json\/wp\/v2\/media?parent=5814"}],"wp:term":[{"taxonomy":"besichtigung","embeddable":true,"href":"https:\/\/winstage.at\/en\/wp-json\/wp\/v2\/besichtigung?post=5814"},{"taxonomy":"filter_size","embeddable":true,"href":"https:\/\/winstage.at\/en\/wp-json\/wp\/v2\/filter_size?post=5814"},{"taxonomy":"filter_style","embeddable":true,"href":"https:\/\/winstage.at\/en\/wp-json\/wp\/v2\/filter_style?post=5814"},{"taxonomy":"filter_technique","embeddable":true,"href":"https:\/\/winstage.at\/en\/wp-json\/wp\/v2\/filter_technique?post=5814"},{"taxonomy":"kunstler","embeddable":true,"href":"https:\/\/winstage.at\/en\/wp-json\/wp\/v2\/kunstler?post=5814"},{"taxonomy":"product_brand","embeddable":true,"href":"https:\/\/winstage.at\/en\/wp-json\/wp\/v2\/product_brand?post=5814"},{"taxonomy":"product_cat","embeddable":true,"href":"https:\/\/winstage.at\/en\/wp-json\/wp\/v2\/product_cat?post=5814"},{"taxonomy":"product_tag","embeddable":true,"href":"https:\/\/winstage.at\/en\/wp-json\/wp\/v2\/product_tag?post=5814"}],"curies":[{"name":"wp","href":"https:\/\/api.w.org\/{rel}","templated":true}]}}