{"id":6362,"date":"2025-07-05T11:24:27","date_gmt":"2025-07-05T09:24:27","guid":{"rendered":"https:\/\/winstage.at\/?post_type=product&#038;p=6362"},"modified":"2025-07-05T11:39:35","modified_gmt":"2025-07-05T09:39:35","slug":"eroeffnung-matinee","status":"publish","type":"product","link":"https:\/\/winstage.at\/en\/event\/eroeffnung-matinee\/","title":{"rendered":"Er\u00f6ffnungs Matinee"},"content":{"rendered":"<p>Am 10. J\u00e4nner 2025 feierte WinStage seine erste Matinee, mit gro\u00dfartigen K\u00fcnstler und Starg\u00e4sten.<\/p>\n<p>Auch der Wr. Neust\u00e4dter B\u00fcrgermeister Schneeberger war zu besuch und lie\u00df sich von unseren Kunstwerken inspirieren.<\/p>\n","protected":false},"excerpt":{"rendered":"<p>Am 10. J\u00e4nner 2025 feierte WinStage seine erste Matinee, mit gro\u00dfartigen K\u00fcnstler und Starg\u00e4sten. Auch&#8230;<\/p>\n","protected":false},"author":3,"featured_media":6364,"template":"","meta":{"_acf_changed":false,"iawp_total_views":0},"besichtigung":[39],"filter_size":[],"filter_style":[],"filter_technique":[],"kunstler":[],"product_brand":[],"product_cat":[29],"product_tag":[],"class_list":{"0":"post-6362","1":"product","2":"type-product","3":"status-publish","4":"has-post-thumbnail","6":"besichtigung-winstage","7":"product_cat-vernissage","9":"first","10":"instock","11":"downloadable","12":"virtual","13":"purchasable","14":"product-type-simple"},"acf":[],"_links":{"self":[{"href":"https:\/\/winstage.at\/en\/wp-json\/wp\/v2\/product\/6362","targetHints":{"allow":["GET"]}}],"collection":[{"href":"https:\/\/winstage.at\/en\/wp-json\/wp\/v2\/product"}],"about":[{"href":"https:\/\/winstage.at\/en\/wp-json\/wp\/v2\/types\/product"}],"author":[{"embeddable":true,"href":"https:\/\/winstage.at\/en\/wp-json\/wp\/v2\/users\/3"}],"wp:featuredmedia":[{"embeddable":true,"href":"https:\/\/winstage.at\/en\/wp-json\/wp\/v2\/media\/6364"}],"wp:attachment":[{"href":"https:\/\/winstage.at\/en\/wp-json\/wp\/v2\/media?parent=6362"}],"wp:term":[{"taxonomy":"besichtigung","embeddable":true,"href":"https:\/\/winstage.at\/en\/wp-json\/wp\/v2\/besichtigung?post=6362"},{"taxonomy":"filter_size","embeddable":true,"href":"https:\/\/winstage.at\/en\/wp-json\/wp\/v2\/filter_size?post=6362"},{"taxonomy":"filter_style","embeddable":true,"href":"https:\/\/winstage.at\/en\/wp-json\/wp\/v2\/filter_style?post=6362"},{"taxonomy":"filter_technique","embeddable":true,"href":"https:\/\/winstage.at\/en\/wp-json\/wp\/v2\/filter_technique?post=6362"},{"taxonomy":"kunstler","embeddable":true,"href":"https:\/\/winstage.at\/en\/wp-json\/wp\/v2\/kunstler?post=6362"},{"taxonomy":"product_brand","embeddable":true,"href":"https:\/\/winstage.at\/en\/wp-json\/wp\/v2\/product_brand?post=6362"},{"taxonomy":"product_cat","embeddable":true,"href":"https:\/\/winstage.at\/en\/wp-json\/wp\/v2\/product_cat?post=6362"},{"taxonomy":"product_tag","embeddable":true,"href":"https:\/\/winstage.at\/en\/wp-json\/wp\/v2\/product_tag?post=6362"}],"curies":[{"name":"wp","href":"https:\/\/api.w.org\/{rel}","templated":true}]}}